{"id":10477,"date":"2024-11-15T18:01:37","date_gmt":"2024-11-15T18:01:37","guid":{"rendered":"https:\/\/www.birds.cornell.edu\/ccb\/?page_id=10477"},"modified":"2024-11-15T18:08:41","modified_gmt":"2024-11-15T18:08:41","slug":"equipes","status":"publish","type":"page","link":"https:\/\/www.birds.cornell.edu\/ccb\/temabio-pantanal-2024\/equipes\/","title":{"rendered":"Equipes TEMABio Pantanal 2024-2025"},"content":{"rendered":"\n<h2 class=\"wp-block-heading\" id=\"projeto-sementes-do-taquari---restaura\u00e7\u00e3o-e-bioac\u00fastica\">Projeto Sementes do Taquari &#8211; Restaura\u00e7\u00e3o e Bioac\u00fastica<\/h2>\n\n\n\n<ul class=\"wp-block-list\">\n<li><strong>Coordenadora<\/strong>: Bruna Oliveira, Instituto de Meio Ambiente de Mato Grosso do Sul (IMASUL).<\/li>\n\n\n\n<li><strong>M\u00eddias<\/strong>: [<a href=\"https:\/\/storymaps.arcgis.com\/stories\/ef35a57241114b789de6725ea7f795bf[Instagram]\">Website Projeto Sementes do Taquari &#8211; IMASUL<\/a>]<\/li>\n\n\n\n<li><strong>Equipe<\/strong>: Heriberto Gim\u00eanes Junior (IMASUL), Diego Azevedo Zoccal Garcia (IMASUL), Rudi Ricardo Laps (UFMS).<\/li>\n\n\n\n<li><strong>Resumo<\/strong><\/li>\n<\/ul>\n\n\n\n<h2 class=\"wp-block-heading\" id=\"bioac\u00fastica-no-alto-pantanal\">Bioac\u00fastica no Alto Pantanal<\/h2>\n\n\n\n<ul class=\"wp-block-list\">\n<li><strong>Coordenadora<\/strong>: Dra. Grasiela Porfirio, Instituto Homem Pantaneiro<\/li>\n\n\n\n<li><strong>M\u00eddias<\/strong>: [<a href=\"https:\/\/institutohomempantaneiro.org.br\/\">Website Instituto Homem Pantaneiro<\/a>][<a href=\"https:\/\/www.instagram.com\/ihp_pantanal_\/\">Instagram<\/a>][<a href=\"https:\/\/www.linkedin.com\/company\/ihppantanal\/?originalSubdomain=br\">LinkedIn<\/a>]<\/li>\n\n\n\n<li><strong>Equipe<\/strong>: Wener Hugo Arruda Moreno, Igor Pinho Souza, Geovani Vinco Tonolli, Mariana Alves Carvalho Queir\u00f3z (Instituto Homem Pantaneiro).<\/li>\n\n\n\n<li><strong>Resumo<\/strong>\u00a0A Serra do Amolar \u00e9 considerada uma \u00e1rea de prioridade extremamente alta para a conserva\u00e7\u00e3o, e est\u00e1 localizada na borda oeste do Pantanal, em Mato Grosso do Sul. Sua rica biodiversidade \u00e9 resultante da influ\u00eancia de biomas vizinhos, como o Cerrado, o Chaco e a Floresta Chiquitana. No entanto, apesar de suas belezas naturais e import\u00e2ncia no contexto de diversidade biol\u00f3gica, essa regi\u00e3o encontra-se amea\u00e7ada pelas atuais mudan\u00e7as do clima, com a seca e os grandes inc\u00eandios florestais representando os principais impactos negativos. Nesse sentido, nossa proposta busca estimar a riqueza e a composi\u00e7\u00e3o da anurofauna e avifauna associadas aos ambientes aqu\u00e1ticos para, em um primeiro momento, conhecer as esp\u00e9cies e avaliar como usam o habitat. Em longo prazo buscamos compor um banco de dados para gerar modelos de avalia\u00e7\u00e3o de impacto. Para isso utilizaremos as ferramentas do monitoramento ac\u00fastico passivo da biodiversidade, por meio da parceria com o K. Lisa Yang Center for Conservation Bioacustics em seu programa de capacita\u00e7\u00e3o e mentoria.<\/li>\n<\/ul>\n\n\n\n<h2 class=\"wp-block-heading\" id=\"bioac\u00fastica-e-paisagem-modelo-pantanal\">Bioac\u00fastica e Paisagem Modelo Pantanal<\/h2>\n\n\n\n<ul class=\"wp-block-list\">\n<li><strong>Coordenador<\/strong>: Dr. Andr\u00e9 Valle Nunes, Paisagem Modelo Pantanal<\/li>\n\n\n\n<li><strong>M\u00eddias<\/strong>: [<a href=\"https:\/\/ecoa.org.br\/paisagem-modelo-pantanal-regiao-estrategica-para-conservacao\/\">Paisagem Modelo Pantanal &#8211; ECOA<\/a>]<\/li>\n\n\n\n<li><strong>Equipe<\/strong>: Carolina Martins Garcia, Luciana Vicente da Silva, Maxwell Oliveira (Paisagem Modelo Pantanal); Gabriel Paganini Faggioni (Instituto Federal de Educa\u00e7\u00e3o, Ci\u00eancia e Tecnologia de Mato Grosso do Sul, campus Corumb\u00e1); Rafael Chiaravalloti (Paisagem Modelo Pantanal, University College London); Roberta Azeredo Murta da Fonseca (Universidade Federal de Mato Grosso do Sul, campus do Pantanal).<\/li>\n\n\n\n<li><strong>Resumo<\/strong><\/li>\n<\/ul>\n\n\n\n<h2 class=\"wp-block-heading\" id=\"cobraufmt\">CO.BRA\/UFMT<\/h2>\n\n\n\n<p><strong>Coordenadora<\/strong>: Dra. Carolline Zatta Fieker (UFMT\/INAU)<\/p>\n\n\n\n<ul class=\"wp-block-list\">\n<li><strong>M\u00eddias<\/strong>: [<a href=\"https:\/\/cobra.ic.ufmt.br\/\">CO.BRA UFMT<\/a>]<\/li>\n\n\n\n<li><strong>Equipe<\/strong>: Dr. Matheus Gon\u00e7alves dos Reis (UFMT\/INAU).<\/li>\n\n\n\n<li><strong>Resumo<\/strong>\u00a0O Co.BRA \u00e9 uma rede cient\u00edfica interdisciplinar dedicada principalmente ao monitoramento ac\u00fastico automatizado da biodiversidade do Pantanal. O projeto iniciado em 2012 j\u00e1 possui um banco de dados de sons de aves, mam\u00edferos, anf\u00edbios, insetos e jacar\u00e9s, que cont\u00e9m cerca de 300Tb, o qual est\u00e1 hospedado no servidor do \u201cINAU Pantanal BioData Center\u201d (IBPC). Atualmente quatro projetos est\u00e3o em andamento, sendo tr\u00eas relacionados ao grupo das aves e um aos jacar\u00e9s-do-pantanal. Os projetos abrangem o estudo das atividades vocais e din\u00e2mica sazonal das aves noturnas no Pantanal norte; a compreens\u00e3o de padr\u00f5es temporais da diversidade sonora das paisagens ac\u00fasticas do Pantanal por meio de \u00edndices ac\u00fasticos para o monitoramento da fauna; a distribui\u00e7\u00e3o e din\u00e2mica da popula\u00e7\u00e3o do mutum-de-penacho (Crax fasciolata); e o monitoramento da din\u00e2mica populacional e padr\u00f5es de atividade vocal dos jacar\u00e9s-do-pantanal (Caiman yacare). Al\u00e9m dos gravadores automatizados, tamb\u00e9m s\u00e3o utilizadas c\u00e2meras-trap e um ve\u00edculo a\u00e9reo n\u00e3o tripulado para a execu\u00e7\u00e3o dos projetos.<\/li>\n<\/ul>\n\n\n\n<h2 class=\"wp-block-heading\" id=\"aves-noturnas-e-anuros-na-fazenda-san-francisco\">Aves noturnas e Anuros na Fazenda San Francisco<\/h2>\n\n\n\n<ul class=\"wp-block-list\">\n<li><strong>Coordenador<\/strong>: MSc. Alyson Vieira de Melo, Universidade Federal Rural de Pernambuco (UAST\/UFRPE).<\/li>\n\n\n\n<li><strong>M\u00eddias<\/strong>: [<a href=\"https:\/\/www.instagram.com\/amelowildlifephotography\">Instagram<\/a>]<\/li>\n\n\n\n<li><strong>Equipe<\/strong>: MSc. Daiene Louveira Hokama Sousa, Neiva Beatriz Maldonado dos Santos Marques (Universidade Federal do Mato Grosso do Sul &#8211; UFMS); Edir Alves (Fazenda San Francisco, Miranda, Mato Grosso do Sul).<\/li>\n\n\n\n<li><strong>Resumo<\/strong><\/li>\n<\/ul>\n\n\n\n<h2 class=\"wp-block-heading\" id=\"jacar\u00e9s-do-pantanal\">Jacar\u00e9s do Pantanal<\/h2>\n\n\n\n<p><strong>Coordenador<\/strong>: Msc. Jo\u00e3o Em\u00edlio de Almeida J\u00fanior, Instituto de Bioci\u00eancias da Universidade Federal de Mato Grosso do Sul<\/p>\n\n\n\n<ul class=\"wp-block-list\">\n<li><strong>M\u00eddias<\/strong>: [<a href=\"https:\/\/www.instagram.com\/hey_biologo\/\">Instagram<\/a>]<\/li>\n\n\n\n<li><strong>Equipe<\/strong>: \u00c1lvaro Arag\u00e3o de Lima, Cristopher Alberto Ant\u00fanez Fonseca, Dr. Diego Jos\u00e9 Santana Silva, Jamille Vit\u00f3ria Portilho Santos, Lauany Lima Serafim, Matheus Sthanley Ferreira Firme, Dra. Vanda L\u00facia Ferreira; (Instituto de Bioci\u00eancias da Universidade Federal de Mato Grosso do Sul).<\/li>\n\n\n\n<li><strong>Resumo<\/strong>\u00a0Os crocodilianos se destacam pela sua habilidade em emitir sons em v\u00e1rias situa\u00e7\u00f5es de comunica\u00e7\u00e3o. Embora pesquisas experimentais recentes tenham apresentado evid\u00eancias do papel significativo das vocaliza\u00e7\u00f5es dos crocodilianos, ainda existe a necessidade de uma compreens\u00e3o mais aprofundada do repert\u00f3rio vocal para uma descri\u00e7\u00e3o minuciosa da comunica\u00e7\u00e3o ac\u00fastica desses animais, especialmente considerando as influ\u00eancias dos diversos ambientes em que habitam. Este estudo tem como objetivo principal explorar as caracter\u00edsticas ac\u00fasticas nas chamadas de contato do jacar\u00e9-do-pantanal, com foco na estrutura e codifica\u00e7\u00e3o de informa\u00e7\u00f5es sobre sua comunica\u00e7\u00e3o, visando n\u00e3o apenas desvendar a diversidade e complexidade das vocaliza\u00e7\u00f5es, mas tamb\u00e9m compreender como fatores ambientais espec\u00edficos podem moldar esses padr\u00f5es sonoros, almejando fornecer uma vis\u00e3o mais abrangente da comunica\u00e7\u00e3o ac\u00fastica dessa esp\u00e9cie, contribuindo para a compreens\u00e3o geral da ecologia ac\u00fastica dos crocodilianos e suas adapta\u00e7\u00f5es comportamentais aos diferentes habitats.<\/li>\n<\/ul>\n\n\n\n<h2 class=\"wp-block-heading\" id=\"respostas-de-anuros-\u00e0-queimadas-no-pantanal\">Respostas de anuros \u00e0 Queimadas no Pantanal<\/h2>\n\n\n\n<p><strong>Coordenador<\/strong>: Ryan Kridler, Instituto de Bioci\u00eancias da Universidade Federal de Mato Grosso do Sul<\/p>\n\n\n\n<ul class=\"wp-block-list\">\n<li><strong>M\u00eddias<\/strong>: [<a href=\"https:\/\/www.instagram.com\/mapinguariufms?igsh=aHQzZXNpMGVpcDJz\">Instagram<\/a>]<\/li>\n\n\n\n<li><strong>Equipe<\/strong>: Dr. Diego Jos\u00e9 Santana Silva, Priscila do Nascimento Lopes, \u00c1lvaro Arag\u00e3o de Lima, Cristopher Alberto Ant\u00fanez Fonseca, Dr. Diego Jos\u00e9 Santana Silva, Jamille Vit\u00f3ria Portilho Santos, Lauany Lima Serafim, Matheus Sthanley Ferreira Firme, Dr. Vanda L\u00facia Ferreira; (Instituto de Bioci\u00eancias da Universidade Federal de Mato Grosso do Sul).<\/li>\n\n\n\n<li><strong>Resumo<\/strong>\u00a0This study will employ passive acoustic monitoring (PAM) to investigate the impact of increasingly destructive wildfires on anuran communities, the ecological consequences of worsening wildfires in the Pantanal, and their recovery trajectories. The research site in the southern Pantanal will undergo controlled burns in 2024, and we will utilize PAM to enable comparative analysis of anuran community composition between burned and unburned areas to evaluate how fire disturbance impacts anuran community temporal recovery patterns. Anticipated results suggest reduced species abundance and richness in burned areas, with anuran populations potentially unable to fully recover before the next fire disturbance. The findings of this study will inform predictions of long-term trends in anuran communities if wildfires continue to worsen, contributing to herpetology and fire ecology fields as well as global scientific understanding, policy-making, and conservation efforts.<\/li>\n<\/ul>\n","protected":false},"excerpt":{"rendered":"<p>Projeto Sementes do Taquari &#8211; Restaura\u00e7\u00e3o e Bioac\u00fastica Bioac\u00fastica no Alto Pantanal Bioac\u00fastica e Paisagem Modelo Pantanal CO.BRA\/UFMT Coordenadora: Dra. Carolline Zatta Fieker (UFMT\/INAU) Aves noturnas e Anuros na Fazenda San Francisco Jacar\u00e9s do Pantanal Coordenador: Msc. Jo\u00e3o Em\u00edlio de Almeida J\u00fanior, Instituto de Bioci\u00eancias da Universidade Federal de Mato Grosso do Sul Respostas de<a class=\"excerpt-read-more\" href=\"https:\/\/www.birds.cornell.edu\/ccb\/temabio-pantanal-2024\/equipes\/\" title=\"ReadEquipes TEMABio Pantanal 2024-2025\">&#8230; Read more &raquo;<\/a><\/p>\n","protected":false},"author":11,"featured_media":0,"parent":10458,"menu_order":0,"comment_status":"closed","ping_status":"closed","template":"","meta":{"_birdpress_hero_toggle":false,"_birdpress_hero_type":"image","_birdpress_hero_image_type":"image","_birdpress_hero_style":"default","_birdpress_hero_ratio":"","_birdpress_hero_h1":"","_birdpress_hero_media_id":0,"_birdpress_hero_media_array_id":[],"_birdpress_hero_media_array":[],"_birdpress_hero_media":0,"_birdpress_hero_video_id":0,"_birdpress_hero_video":0,"_birdpress_hero_youtube":"","_birdpress_hero_content":true,"_birdpress_hero_byline":"","_birdpress_hero_byline_bottom":"","_birdpress_hero_button_link":"","_birdpress_hero_button_text":"","_birdpress_hero_button_color":"","_birdpress_hero_date":false,"original_guid":"","_birdpress_hide_search":false,"_birdpress_page_width":"","_birdpress_global_cta":false,"_birdpress_widget_sidebar":"","_birdpress_next_article":0,"_birdpress_next_article_title":"","_birdpress_prev_article":0,"_birdpress_prev_article_title":"","_birdpress_sub_navigation_id":93,"_birdpress_sub_navigation":"TEMABio Pantanal 2024","_birdpress_sub_navigation_title":true,"_birdpress_anchor_navigation_id":0,"_birdpress_anchor_navigation":"","_birdpress_postType":"both","_birdpress_categoryID":0,"_birdpress_tagID":0,"_birdpress_parentPostID":0,"_birdpress_parentPostTitle":"","_birdpress_menuID":0,"_birdpress_menuName":"","_birdpress_listHeader":"","_birdpress_listLayout":"card-display","_birdpress_listColumns":"","_birdpress_maxItems":12,"_birdpress_listPaginate":true,"_birdpress_displaySort":true,"_birdpress_sortOrder":"DESC","_birdpress_sortBy":"date","_birdpress_listID":"","_birdpress_listClass":"","_birdpress_displayImages":true,"_birdpress_displayCaptions":false,"_birdpress_displayExcerpts":false,"_birdpress_attTop":"","_birdpress_attBottom":"","_birdpress_showLogos":false,"_birdpress_post_logo":0,"footnotes":""},"class_list":["post-10477","page","type-page","status-publish","hentry"],"_links":{"self":[{"href":"https:\/\/www.birds.cornell.edu\/ccb\/wp-json\/wp\/v2\/pages\/10477","targetHints":{"allow":["GET"]}}],"collection":[{"href":"https:\/\/www.birds.cornell.edu\/ccb\/wp-json\/wp\/v2\/pages"}],"about":[{"href":"https:\/\/www.birds.cornell.edu\/ccb\/wp-json\/wp\/v2\/types\/page"}],"author":[{"embeddable":true,"href":"https:\/\/www.birds.cornell.edu\/ccb\/wp-json\/wp\/v2\/users\/11"}],"replies":[{"embeddable":true,"href":"https:\/\/www.birds.cornell.edu\/ccb\/wp-json\/wp\/v2\/comments?post=10477"}],"version-history":[{"count":0,"href":"https:\/\/www.birds.cornell.edu\/ccb\/wp-json\/wp\/v2\/pages\/10477\/revisions"}],"up":[{"embeddable":true,"href":"https:\/\/www.birds.cornell.edu\/ccb\/wp-json\/wp\/v2\/pages\/10458"}],"wp:attachment":[{"href":"https:\/\/www.birds.cornell.edu\/ccb\/wp-json\/wp\/v2\/media?parent=10477"}],"curies":[{"name":"wp","href":"https:\/\/api.w.org\/{rel}","templated":true}]}}