{"id":10479,"date":"2024-11-15T18:02:15","date_gmt":"2024-11-15T18:02:15","guid":{"rendered":"https:\/\/www.birds.cornell.edu\/ccb\/?page_id=10479"},"modified":"2024-11-15T18:08:49","modified_gmt":"2024-11-15T18:08:49","slug":"materiais-extras","status":"publish","type":"page","link":"https:\/\/www.birds.cornell.edu\/ccb\/temabio-pantanal-2024\/materiais-extras\/","title":{"rendered":"Materiais Extras"},"content":{"rendered":"\n<h2 class=\"wp-block-heading\" id=\"tutoriais-raven-pro\">Tutoriais Raven Pro<\/h2>\n\n\n\n<p><a href=\"https:\/\/www.ravensoundsoftware.com\/video-tutorials\/\">V\u00eddeo-tutoriais introdut\u00f3rios ao Raven Pro em Portugu\u00eas (e outras l\u00ednguas)<\/a>!<\/p>\n\n\n\n<h2 class=\"wp-block-heading\" id=\"base-de-conhecimento-do-raven\">Base de Conhecimento do Raven<\/h2>\n\n\n\n<p>Tem d\u00favidas? \u00c9 muito prov\u00e1vel que ela j\u00e1 tenha sido respondida e publicada na&nbsp;<a href=\"https:\/\/www.ravensoundsoftware.com\/knowledge-base\/\">Base de Conhecimento do Raven<\/a>.<\/p>\n\n\n\n<h2 class=\"wp-block-heading\" id=\"bioacoustalks\">BioacousTalks<\/h2>\n\n\n\n<p>Semin\u00e1rios quinzenais sobre aplica\u00e7\u00f5es em monitoramento ac\u00fastico passivo da biodiversidade, via Zoom. Inscreva-se&nbsp;<a href=\"https:\/\/docs.google.com\/forms\/d\/1Nk9YFQhrxi047_pAgkyP-uSoePPWQIDecfnyeWIFn0U\/viewform?edit_requested=true\">nesse link<\/a>&nbsp;para receber informa\u00e7\u00f5es sobre as pr\u00f3ximas edi\u00e7\u00f5es! Perdeu alguma sess\u00e3o ou deseja rever o semin\u00e1rio? Confira a&nbsp;<a href=\"https:\/\/www.youtube.com\/playlist?list=PL9iLFNlWcYEV2BsbHQAel2wOtplp62LL_\">playlist BioacousTalks no YouTube<\/a>!<\/p>\n\n\n\n<h2 class=\"wp-block-heading\" id=\"canal-no-slack-conservation-bioacoustics\">Canal no Slack Conservation Bioacoustics<\/h2>\n\n\n\n<p>Inscreva-se&nbsp;<a href=\"https:\/\/join.slack.com\/t\/conservationb-dod8366\/shared_invite\/zt-2jnbk1rp1-JW20poG6OP~v8OQnEZnotA\">aqui&nbsp;<\/a>. Esse link expira em 30 dias, me avise se estiver indispon\u00edvel.<\/p>\n\n\n\n<h2 class=\"wp-block-heading\" id=\"wildlabs\">WildLabs<\/h2>\n\n\n\n<p>F\u00f3rum de tecnologias em conserva\u00e7\u00e3o, incluindo bioac\u00fastica.&nbsp;<a href=\"https:\/\/wildlabs.net\/\">Website&nbsp;<\/a>.<\/p>\n","protected":false},"excerpt":{"rendered":"<p>Tutoriais Raven Pro V\u00eddeo-tutoriais introdut\u00f3rios ao Raven Pro em Portugu\u00eas (e outras l\u00ednguas)! Base de Conhecimento do Raven Tem d\u00favidas? \u00c9 muito prov\u00e1vel que ela j\u00e1 tenha sido respondida e publicada na&nbsp;Base de Conhecimento do Raven. BioacousTalks Semin\u00e1rios quinzenais sobre aplica\u00e7\u00f5es em monitoramento ac\u00fastico passivo da biodiversidade, via Zoom. Inscreva-se&nbsp;nesse link&nbsp;para receber informa\u00e7\u00f5es sobre as<a class=\"excerpt-read-more\" href=\"https:\/\/www.birds.cornell.edu\/ccb\/temabio-pantanal-2024\/materiais-extras\/\" title=\"ReadMateriais Extras\">&#8230; Read more &raquo;<\/a><\/p>\n","protected":false},"author":11,"featured_media":0,"parent":10458,"menu_order":0,"comment_status":"closed","ping_status":"closed","template":"","meta":{"_birdpress_hero_toggle":false,"_birdpress_hero_type":"image","_birdpress_hero_image_type":"image","_birdpress_hero_style":"default","_birdpress_hero_ratio":"","_birdpress_hero_h1":"","_birdpress_hero_media_id":0,"_birdpress_hero_media_array_id":[],"_birdpress_hero_media_array":[],"_birdpress_hero_media":0,"_birdpress_hero_video_id":0,"_birdpress_hero_video":0,"_birdpress_hero_youtube":"","_birdpress_hero_content":true,"_birdpress_hero_byline":"","_birdpress_hero_byline_bottom":"","_birdpress_hero_button_link":"","_birdpress_hero_button_text":"","_birdpress_hero_button_color":"","_birdpress_hero_date":false,"original_guid":"","_birdpress_hide_search":false,"_birdpress_page_width":"","_birdpress_global_cta":false,"_birdpress_widget_sidebar":"","_birdpress_next_article":0,"_birdpress_next_article_title":"","_birdpress_prev_article":0,"_birdpress_prev_article_title":"","_birdpress_sub_navigation_id":93,"_birdpress_sub_navigation":"TEMABio Pantanal 2024","_birdpress_sub_navigation_title":true,"_birdpress_anchor_navigation_id":0,"_birdpress_anchor_navigation":"","_birdpress_postType":"both","_birdpress_categoryID":0,"_birdpress_tagID":0,"_birdpress_parentPostID":0,"_birdpress_parentPostTitle":"","_birdpress_menuID":0,"_birdpress_menuName":"","_birdpress_listHeader":"","_birdpress_listLayout":"card-display","_birdpress_listColumns":"","_birdpress_maxItems":12,"_birdpress_listPaginate":true,"_birdpress_displaySort":true,"_birdpress_sortOrder":"DESC","_birdpress_sortBy":"date","_birdpress_listID":"","_birdpress_listClass":"","_birdpress_displayImages":true,"_birdpress_displayCaptions":false,"_birdpress_displayExcerpts":false,"_birdpress_attTop":"","_birdpress_attBottom":"","_birdpress_showLogos":false,"_birdpress_post_logo":0,"footnotes":""},"class_list":["post-10479","page","type-page","status-publish","hentry"],"_links":{"self":[{"href":"https:\/\/www.birds.cornell.edu\/ccb\/wp-json\/wp\/v2\/pages\/10479","targetHints":{"allow":["GET"]}}],"collection":[{"href":"https:\/\/www.birds.cornell.edu\/ccb\/wp-json\/wp\/v2\/pages"}],"about":[{"href":"https:\/\/www.birds.cornell.edu\/ccb\/wp-json\/wp\/v2\/types\/page"}],"author":[{"embeddable":true,"href":"https:\/\/www.birds.cornell.edu\/ccb\/wp-json\/wp\/v2\/users\/11"}],"replies":[{"embeddable":true,"href":"https:\/\/www.birds.cornell.edu\/ccb\/wp-json\/wp\/v2\/comments?post=10479"}],"version-history":[{"count":0,"href":"https:\/\/www.birds.cornell.edu\/ccb\/wp-json\/wp\/v2\/pages\/10479\/revisions"}],"up":[{"embeddable":true,"href":"https:\/\/www.birds.cornell.edu\/ccb\/wp-json\/wp\/v2\/pages\/10458"}],"wp:attachment":[{"href":"https:\/\/www.birds.cornell.edu\/ccb\/wp-json\/wp\/v2\/media?parent=10479"}],"curies":[{"name":"wp","href":"https:\/\/api.w.org\/{rel}","templated":true}]}}