{"id":10598,"date":"2024-12-16T21:33:14","date_gmt":"2024-12-16T21:33:14","guid":{"rendered":"https:\/\/www.birds.cornell.edu\/ccb\/?page_id=10598"},"modified":"2025-10-09T19:50:22","modified_gmt":"2025-10-09T19:50:22","slug":"capacity","status":"publish","type":"page","link":"https:\/\/www.birds.cornell.edu\/ccb\/capacity\/","title":{"rendered":"Capacity Sharing"},"content":{"rendered":"\n<h2 class=\"wp-block-heading\" id=\"EducationalResources\">Courses &amp; Educational Resources<\/h2>\n\n\n\n<p class=\"intro\">We offer training workshops for scientists and students working with animal sounds. These workshops cover basic principles (e.g., digital audio, spectrographic analysis) and specific techniques and software. <\/p>\n\n\n\n<p><\/p>\n\n\n<div class=\"article-list card-display card-three \"><ul><li class=\"article-item\"><div class=\"article-item-container\"><div class=\"article-item-media content-article\" data-link-to=\"https:\/\/www.birds.cornell.edu\/ccb\/pam-materials\/\"><figure class=\"article-item-media-ratio\"><img decoding=\"async\" data-src=\"https:\/\/www.birds.cornell.edu\/ccb\/wp-content\/uploads\/2025\/10\/Screenshot-2025-10-09-at-2.33.23-PM.png\" data-srcset=\"https:\/\/www.birds.cornell.edu\/ccb\/wp-content\/uploads\/2025\/10\/Screenshot-2025-10-09-at-2.33.23-PM-720x443.png 720w, https:\/\/www.birds.cornell.edu\/ccb\/wp-content\/uploads\/2025\/10\/Screenshot-2025-10-09-at-2.33.23-PM-768x472.png 768w, https:\/\/www.birds.cornell.edu\/ccb\/wp-content\/uploads\/2025\/10\/Screenshot-2025-10-09-at-2.33.23-PM-480x295.png 480w, https:\/\/www.birds.cornell.edu\/ccb\/wp-content\/uploads\/2025\/10\/Screenshot-2025-10-09-at-2.33.23-PM.png 998w\" sizes=\"\" alt=\"\" src=\"data:image\/svg+xml;base64,PHN2ZyB3aWR0aD0iMSIgaGVpZ2h0PSIxIiB4bWxucz0iaHR0cDovL3d3dy53My5vcmcvMjAwMC9zdmciPjwvc3ZnPg==\" class=\"lazyload\" style=\"--smush-placeholder-width: 998px; --smush-placeholder-aspect-ratio: 998\/614;\" \/><\/figure><\/div><div class=\"article-item-body\"><a class=\"article-item-link\" href=\"https:\/\/www.birds.cornell.edu\/ccb\/pam-materials\/\"><span class=\"article-item-header\">Virtual Lab: Passive Acoustic Monitoring Materials<\/span><\/a><p>A collection of video and materials, from past presentations and our Cornell course, that cover the Passive Acoustic Monitoring pipeline.<\/p>\n<\/div><\/div><\/li><li class=\"article-item\"><div class=\"article-item-container\"><div class=\"article-item-media content-article\" data-link-to=\"https:\/\/www.birds.cornell.edu\/ccb\/virtual-lab-sound-analysis-principles\/\"><figure class=\"article-item-media-ratio\"><img decoding=\"async\" data-src=\"https:\/\/www.birds.cornell.edu\/ccb\/wp-content\/uploads\/2020\/03\/Banner-1280x298.png\" data-srcset=\"https:\/\/www.birds.cornell.edu\/ccb\/wp-content\/uploads\/2020\/03\/Banner-e1583593217264-720x335.png 720w, https:\/\/www.birds.cornell.edu\/ccb\/wp-content\/uploads\/2020\/03\/Banner-e1583593217264-480x223.png 480w, https:\/\/www.birds.cornell.edu\/ccb\/wp-content\/uploads\/2020\/03\/Banner-e1583593217264.png 755w\" data-sizes=\"(max-width: 1280px) 100vw, 1280px\" alt=\"\" src=\"data:image\/svg+xml;base64,PHN2ZyB3aWR0aD0iMSIgaGVpZ2h0PSIxIiB4bWxucz0iaHR0cDovL3d3dy53My5vcmcvMjAwMC9zdmciPjwvc3ZnPg==\" class=\"lazyload\" style=\"--smush-placeholder-width: 1280px; --smush-placeholder-aspect-ratio: 1280\/298;\" \/><\/figure><\/div><div class=\"article-item-body\"><a class=\"article-item-link\" href=\"https:\/\/www.birds.cornell.edu\/ccb\/virtual-lab-sound-analysis-principles\/\"><span class=\"article-item-header\">Virtual Lab: Sound Analysis Principles<\/span><\/a><p>Videos and exercises based on our in-person workshops, all using Raven software.<\/p>\n<\/div><\/div><\/li><li class=\"article-item\"><div class=\"article-item-container\"><div class=\"article-item-media content-article\" data-link-to=\"https:\/\/www.birds.cornell.edu\/ccb\/training-materials-sound-analysis-software\/\"><figure class=\"article-item-media-ratio\"><img decoding=\"async\" data-src=\"https:\/\/www.birds.cornell.edu\/ccb\/wp-content\/uploads\/2020\/02\/Screenshot-2024-10-21-at-12.03.18\u202fPM-1280x684.png\" data-srcset=\"https:\/\/www.birds.cornell.edu\/ccb\/wp-content\/uploads\/2020\/02\/Screenshot-2024-10-21-at-12.03.18\u202fPM-720x385.png 720w, https:\/\/www.birds.cornell.edu\/ccb\/wp-content\/uploads\/2020\/02\/Screenshot-2024-10-21-at-12.03.18\u202fPM-1280x684.png 1280w, https:\/\/www.birds.cornell.edu\/ccb\/wp-content\/uploads\/2020\/02\/Screenshot-2024-10-21-at-12.03.18\u202fPM-768x411.png 768w, https:\/\/www.birds.cornell.edu\/ccb\/wp-content\/uploads\/2020\/02\/Screenshot-2024-10-21-at-12.03.18\u202fPM-1536x821.png 1536w, https:\/\/www.birds.cornell.edu\/ccb\/wp-content\/uploads\/2020\/02\/Screenshot-2024-10-21-at-12.03.18\u202fPM-480x257.png 480w, https:\/\/www.birds.cornell.edu\/ccb\/wp-content\/uploads\/2020\/02\/Screenshot-2024-10-21-at-12.03.18\u202fPM.png 1861w\" data-sizes=\"(max-width: 1280px) 100vw, 1280px\" alt=\"\" src=\"data:image\/svg+xml;base64,PHN2ZyB3aWR0aD0iMSIgaGVpZ2h0PSIxIiB4bWxucz0iaHR0cDovL3d3dy53My5vcmcvMjAwMC9zdmciPjwvc3ZnPg==\" class=\"lazyload\" style=\"--smush-placeholder-width: 1280px; --smush-placeholder-aspect-ratio: 1280\/684;\" \/><\/figure><\/div><div class=\"article-item-body\"><a class=\"article-item-link\" href=\"https:\/\/www.birds.cornell.edu\/ccb\/training-materials-sound-analysis-software\/\"><span class=\"article-item-header\">Training Videos: Sound Analysis Software\u00a0<\/span><\/a><p>Video tutorials for Raven software, with topics ranging from basic introduction to expert tips &#038; tricks.<\/p>\n<\/div><\/div><\/li><li class=\"article-item\"><div class=\"article-item-container\"><div class=\"article-item-media content-article\" data-link-to=\"https:\/\/www.birds.cornell.edu\/ccb\/bioacoustics-tools\/\"><figure class=\"article-item-media-ratio\"><img decoding=\"async\" data-src=\"https:\/\/www.birds.cornell.edu\/ccb\/wp-content\/uploads\/2020\/02\/TrainingMaterials_TN_Final.png\" data-srcset=\"https:\/\/www.birds.cornell.edu\/ccb\/wp-content\/uploads\/2020\/02\/TrainingMaterials_TN_Final.png 295w, https:\/\/www.birds.cornell.edu\/ccb\/wp-content\/uploads\/2020\/02\/TrainingMaterials_TN_Final-240x135.png 240w\" sizes=\"\" alt=\"\" src=\"data:image\/svg+xml;base64,PHN2ZyB3aWR0aD0iMSIgaGVpZ2h0PSIxIiB4bWxucz0iaHR0cDovL3d3dy53My5vcmcvMjAwMC9zdmciPjwvc3ZnPg==\" class=\"lazyload\" style=\"--smush-placeholder-width: 295px; --smush-placeholder-aspect-ratio: 295\/166;\" \/><\/figure><\/div><div class=\"article-item-body\"><a class=\"article-item-link\" href=\"https:\/\/www.birds.cornell.edu\/ccb\/bioacoustics-tools\/\"><span class=\"article-item-header\">Bioacoustics Tools<\/span><\/a><p>Tools to aid acoustic analysis and synthesis, like Raven Workbench and BirdNET<\/p>\n<\/div><\/div><\/li><\/ul><\/div>\n\n\n<div style=\"height:25px\" aria-hidden=\"true\" class=\"wp-block-spacer\"><\/div>\n\n\n\n<h2 class=\"wp-block-heading\" id=\"Outreach-Engagement\">Outreach &amp; Engagement<\/h2>\n\n\n<div class=\"article-list card-display card-three \"><ul><li class=\"article-item\"><div class=\"article-item-container\"><div class=\"article-item-media  content-article\" data-link-to=\"https:\/\/www.birds.cornell.edu\/ccb\/bioacoustalks\/\"><figure class=\"article-item-media-ratio\"><img decoding=\"async\" data-src=\"https:\/\/www.birds.cornell.edu\/ccb\/wp-content\/uploads\/2023\/04\/bioacoustalks-thumbnail-720x540-2.png\" data-srcset=\"https:\/\/www.birds.cornell.edu\/ccb\/wp-content\/uploads\/2023\/04\/bioacoustalks-thumbnail-720x540-2.png 720w, https:\/\/www.birds.cornell.edu\/ccb\/wp-content\/uploads\/2023\/04\/bioacoustalks-thumbnail-720x540-2-240x180.png 240w, https:\/\/www.birds.cornell.edu\/ccb\/wp-content\/uploads\/2023\/04\/bioacoustalks-thumbnail-720x540-2-480x360.png 480w\" sizes=\"\" alt=\"\" src=\"data:image\/svg+xml;base64,PHN2ZyB3aWR0aD0iMSIgaGVpZ2h0PSIxIiB4bWxucz0iaHR0cDovL3d3dy53My5vcmcvMjAwMC9zdmciPjwvc3ZnPg==\" class=\"lazyload\" style=\"--smush-placeholder-width: 720px; --smush-placeholder-aspect-ratio: 720\/540;\" \/><\/figure><\/div><div class=\"article-item-body\"><a class=\"article-item-link\" href=\"https:\/\/www.birds.cornell.edu\/ccb\/bioacoustalks\/\"><span class=\"article-item-header\">BioacousTalks<\/span><\/a><p>Bi-weekly gatherings on Zoom to learn from invited speakers about advances in passive acoustic monitoring, and to connect with a global community of practitioners.<\/p>\n<\/div><\/div><\/li><\/ul><\/div>\n\n\n<div style=\"height:25px\" aria-hidden=\"true\" class=\"wp-block-spacer\"><\/div>\n\n\n\n<p><\/p>\n\n\n\n<h2 class=\"wp-block-heading\" id=\"Initiatives\">Mentorship &amp; Initiatives<\/h2>\n\n\n<div class=\"article-list card-display card-three \"><ul><li class=\"article-item\"><div class=\"article-item-container\"><div class=\"article-item-media content-article\" data-link-to=\"https:\/\/www.birds.cornell.edu\/ccb\/locally-led-east-asian-flyway-acoustics-leafa\/\"><figure class=\"article-item-media-ratio\"><img decoding=\"async\" data-src=\"https:\/\/www.birds.cornell.edu\/ccb\/wp-content\/uploads\/2021\/08\/Shorebirds_JonCorcoran-1280x545.jpg\" data-srcset=\"https:\/\/www.birds.cornell.edu\/ccb\/wp-content\/uploads\/2021\/08\/Shorebirds_JonCorcoran-720x307.jpg 720w, https:\/\/www.birds.cornell.edu\/ccb\/wp-content\/uploads\/2021\/08\/Shorebirds_JonCorcoran-1280x545.jpg 1280w, https:\/\/www.birds.cornell.edu\/ccb\/wp-content\/uploads\/2021\/08\/Shorebirds_JonCorcoran-768x327.jpg 768w, https:\/\/www.birds.cornell.edu\/ccb\/wp-content\/uploads\/2021\/08\/Shorebirds_JonCorcoran-1536x654.jpg 1536w, https:\/\/www.birds.cornell.edu\/ccb\/wp-content\/uploads\/2021\/08\/Shorebirds_JonCorcoran-2048x872.jpg 2048w, https:\/\/www.birds.cornell.edu\/ccb\/wp-content\/uploads\/2021\/08\/Shorebirds_JonCorcoran-480x204.jpg 480w\" data-sizes=\"(max-width: 1280px) 100vw, 1280px\" alt=\"\" src=\"data:image\/svg+xml;base64,PHN2ZyB3aWR0aD0iMSIgaGVpZ2h0PSIxIiB4bWxucz0iaHR0cDovL3d3dy53My5vcmcvMjAwMC9zdmciPjwvc3ZnPg==\" class=\"lazyload\" style=\"--smush-placeholder-width: 1280px; --smush-placeholder-aspect-ratio: 1280\/545;\" \/><\/figure><\/div><div class=\"article-item-body\"><a class=\"article-item-link\" href=\"https:\/\/www.birds.cornell.edu\/ccb\/locally-led-east-asian-flyway-acoustics-leafa\/\"><span class=\"article-item-header\">Locally-led East Asian Flyway Acoustics (LEAFA) Program<\/span><\/a><p>A regional conservation program of migratory birds in the EAF through a participatory research framework, laying the groundwork to build a robust regional network for acoustic monitoring of migratory species. <\/p>\n<\/div><\/div><\/li><li class=\"article-item\"><div class=\"article-item-container\"><div class=\"article-item-media content-article\" data-link-to=\"https:\/\/www.birds.cornell.edu\/ccb\/beat-a-bioacoustics-learning-community-for-indonesia-and-malaysia\/\"><figure class=\"article-item-media-ratio\"><img decoding=\"async\" data-src=\"https:\/\/www.birds.cornell.edu\/ccb\/wp-content\/uploads\/2024\/05\/BEAT_Photo_Highlight_composition.jpg\" data-srcset=\"https:\/\/www.birds.cornell.edu\/ccb\/wp-content\/uploads\/2024\/05\/BEAT_Photo_Highlight_composition-720x405.jpg 720w, https:\/\/www.birds.cornell.edu\/ccb\/wp-content\/uploads\/2024\/05\/BEAT_Photo_Highlight_composition-768x432.jpg 768w, https:\/\/www.birds.cornell.edu\/ccb\/wp-content\/uploads\/2024\/05\/BEAT_Photo_Highlight_composition-480x270.jpg 480w, https:\/\/www.birds.cornell.edu\/ccb\/wp-content\/uploads\/2024\/05\/BEAT_Photo_Highlight_composition.jpg 1024w\" sizes=\"\" alt=\"\" src=\"data:image\/svg+xml;base64,PHN2ZyB3aWR0aD0iMSIgaGVpZ2h0PSIxIiB4bWxucz0iaHR0cDovL3d3dy53My5vcmcvMjAwMC9zdmciPjwvc3ZnPg==\" class=\"lazyload\" style=\"--smush-placeholder-width: 1024px; --smush-placeholder-aspect-ratio: 1024\/576;\" \/><\/figure><\/div><div class=\"article-item-body\"><a class=\"article-item-link\" href=\"https:\/\/www.birds.cornell.edu\/ccb\/beat-a-bioacoustics-learning-community-for-indonesia-and-malaysia\/\"><span class=\"article-item-header\">BEAT: A bioacoustics learning community for Indonesia and Malaysia<\/span><\/a><p>The Bioacoustics Equipment and Training (BEAT) program supports teams in Malaysia and Indonesia to use bioacoustics for impactful conservation projects. Together, we&#8217;re building a community of bioacousticians engaged in some crucial eavesdropping.<\/p>\n<\/div><\/div><\/li><li class=\"article-item\"><div class=\"article-item-container\"><div class=\"article-item-media content-article\" data-link-to=\"https:\/\/www.birds.cornell.edu\/ccb\/temabio-pantanal-2024\/\"><figure class=\"article-item-media-ratio\"><img decoding=\"async\" data-src=\"https:\/\/www.birds.cornell.edu\/ccb\/wp-content\/uploads\/2024\/11\/aulapres-1280x720.png\" data-srcset=\"https:\/\/www.birds.cornell.edu\/ccb\/wp-content\/uploads\/2024\/11\/aulapres-720x405.png 720w, https:\/\/www.birds.cornell.edu\/ccb\/wp-content\/uploads\/2024\/11\/aulapres-1280x720.png 1280w, https:\/\/www.birds.cornell.edu\/ccb\/wp-content\/uploads\/2024\/11\/aulapres-768x432.png 768w, https:\/\/www.birds.cornell.edu\/ccb\/wp-content\/uploads\/2024\/11\/aulapres-1536x864.png 1536w, https:\/\/www.birds.cornell.edu\/ccb\/wp-content\/uploads\/2024\/11\/aulapres-2048x1152.png 2048w, https:\/\/www.birds.cornell.edu\/ccb\/wp-content\/uploads\/2024\/11\/aulapres-480x270.png 480w\" data-sizes=\"(max-width: 1280px) 100vw, 1280px\" alt=\"\" src=\"data:image\/svg+xml;base64,PHN2ZyB3aWR0aD0iMSIgaGVpZ2h0PSIxIiB4bWxucz0iaHR0cDovL3d3dy53My5vcmcvMjAwMC9zdmciPjwvc3ZnPg==\" class=\"lazyload\" style=\"--smush-placeholder-width: 1280px; --smush-placeholder-aspect-ratio: 1280\/720;\" \/><\/figure><\/div><div class=\"article-item-body\"><a class=\"article-item-link\" href=\"https:\/\/www.birds.cornell.edu\/ccb\/temabio-pantanal-2024\/\"><span class=\"article-item-header\">TEMABio &#8211; Pantanal 2024-2025<\/span><\/a><p>7 equipes foram selecionadas para receber 4 gravadores SwiftOnes e acess\u00f3rio com o intuito de incorporar monitoramento ac\u00fastico nos projetos envolvendo conserva\u00e7\u00e3o e monitoramento da biodiversidade no Pantanal.<\/p>\n<\/div><\/div><\/li><\/ul><\/div>\n\n\n<p><\/p>\n","protected":false},"excerpt":{"rendered":"<p>Courses &amp; Educational Resources We offer training workshops for scientists and students working with animal sounds. These workshops cover basic principles (e.g., digital audio, spectrographic analysis) and specific techniques and software. Outreach &amp; Engagement Mentorship &amp; Initiatives<\/p>\n","protected":false},"author":11,"featured_media":6187,"parent":0,"menu_order":0,"comment_status":"closed","ping_status":"closed","template":"","meta":{"_birdpress_hero_toggle":true,"_birdpress_hero_type":"image","_birdpress_hero_image_type":"image","_birdpress_hero_style":"textured-glass left","_birdpress_hero_ratio":"ratio-5-2","_birdpress_hero_h1":"Education, Mentorship, & other Initiatives","_birdpress_hero_media_id":9995,"_birdpress_hero_media_array_id":[],"_birdpress_hero_media_array":[],"_birdpress_hero_media":0,"_birdpress_hero_video_id":0,"_birdpress_hero_video":0,"_birdpress_hero_youtube":"","_birdpress_hero_content":true,"_birdpress_hero_byline":"","_birdpress_hero_byline_bottom":"","_birdpress_hero_button_link":"","_birdpress_hero_button_text":"","_birdpress_hero_button_color":"","_birdpress_hero_date":false,"original_guid":"","_birdpress_hide_search":false,"_birdpress_page_width":"","_birdpress_global_cta":false,"_birdpress_widget_sidebar":"","_birdpress_next_article":0,"_birdpress_next_article_title":"","_birdpress_prev_article":0,"_birdpress_prev_article_title":"","_birdpress_sub_navigation_id":0,"_birdpress_sub_navigation":"","_birdpress_sub_navigation_title":false,"_birdpress_anchor_navigation_id":0,"_birdpress_anchor_navigation":"","_birdpress_postType":"both","_birdpress_categoryID":0,"_birdpress_tagID":0,"_birdpress_parentPostID":0,"_birdpress_parentPostTitle":"","_birdpress_menuID":0,"_birdpress_menuName":"","_birdpress_listHeader":"","_birdpress_listLayout":"card-display","_birdpress_listColumns":"","_birdpress_maxItems":12,"_birdpress_listPaginate":true,"_birdpress_displaySort":true,"_birdpress_sortOrder":"DESC","_birdpress_sortBy":"date","_birdpress_listID":"","_birdpress_listClass":"","_birdpress_displayImages":true,"_birdpress_displayCaptions":false,"_birdpress_displayExcerpts":false,"_birdpress_attTop":"","_birdpress_attBottom":"","_birdpress_showLogos":false,"_birdpress_post_logo":0,"footnotes":""},"class_list":["post-10598","page","type-page","status-publish","has-post-thumbnail","hentry"],"_links":{"self":[{"href":"https:\/\/www.birds.cornell.edu\/ccb\/wp-json\/wp\/v2\/pages\/10598","targetHints":{"allow":["GET"]}}],"collection":[{"href":"https:\/\/www.birds.cornell.edu\/ccb\/wp-json\/wp\/v2\/pages"}],"about":[{"href":"https:\/\/www.birds.cornell.edu\/ccb\/wp-json\/wp\/v2\/types\/page"}],"author":[{"embeddable":true,"href":"https:\/\/www.birds.cornell.edu\/ccb\/wp-json\/wp\/v2\/users\/11"}],"replies":[{"embeddable":true,"href":"https:\/\/www.birds.cornell.edu\/ccb\/wp-json\/wp\/v2\/comments?post=10598"}],"version-history":[{"count":0,"href":"https:\/\/www.birds.cornell.edu\/ccb\/wp-json\/wp\/v2\/pages\/10598\/revisions"}],"wp:featuredmedia":[{"embeddable":true,"href":"https:\/\/www.birds.cornell.edu\/ccb\/wp-json\/wp\/v2\/media\/6187"}],"wp:attachment":[{"href":"https:\/\/www.birds.cornell.edu\/ccb\/wp-json\/wp\/v2\/media?parent=10598"}],"curies":[{"name":"wp","href":"https:\/\/api.w.org\/{rel}","templated":true}]}}