{"id":381,"date":"2021-07-13T12:32:23","date_gmt":"2021-07-13T17:32:23","guid":{"rendered":"https:\/\/www.birds.cornell.edu\/latam\/?page_id=381"},"modified":"2022-11-10T13:29:52","modified_gmt":"2022-11-10T18:29:52","slug":"webinars","status":"publish","type":"page","link":"https:\/\/www.birds.cornell.edu\/latam\/oportunidades\/webinars\/","title":{"rendered":"Charlas en l\u00ednea (webinars)"},"content":{"rendered":"\n<p>Ofrecemos charlas y capacitaciones en l\u00ednea gratis para apoyar iniciativas y proyectos. Puedes participar solo, con tus compa\u00f1eros de organizaci\u00f3n o grupo, con tu familia o amistades. \u00a1Todos son bienvenidos! En las charlas y capacitaciones podr\u00e1s enterarte acerca de recursos para tu comunidad, oportunidades, eventos y\/o materiales educacionales que pueden apoyarte en tu labor e inter\u00e9s por las aves, su h\u00e1bitat y conservaci\u00f3n en tu comunidad.<\/p>\n\n\n\n<p>Para participar, s\u00f3lo necesitas una conexi\u00f3n a Internet que tenga audio, inscribirte de antemano siguiendo el enlace de tu preferencia (abajo); y luego, conectarte el d\u00eda y hora seleccionado usando el enlace que te llegar\u00e1 por correo electr\u00f3nico despu\u00e9s de inscribirte. \u00a1Es as\u00ed de f\u00e1cil! Tambi\u00e9n puedes acceder a grabaciones de charlas y capacitaciones pasadas (m\u00e1s abajo).  Algunas est\u00e1n en espa\u00f1ol, otras en ingl\u00e9s.<\/p>\n\n\n\n<hr class=\"wp-block-separator has-css-opacity\"\/>\n\n\n\n<h2 class=\"wp-block-heading\">Charlas futuras en espa\u00f1ol<\/h2>\n\n\n\n<p>&#8211; Contando Aves en Comunidad: \u00bfQu\u00e9 es y c\u00f3mo participar?<\/p>\n\n\n\n<ul class=\"wp-block-list\"><li>Mi\u00e9rcoles 1 de febrero (2023), a las 4 pm (hora en New York)<\/li><\/ul>\n\n\n\n<h2 class=\"wp-block-heading\">Charlas futuras en ingl\u00e9s<\/h2>\n\n\n\n<p>\u2013 Charlas en l\u00ednea y experiencias virtuales organizadas por el Centro para Visitantes y el programa Bird Academy del Laboratorio de Ornitolog\u00eda de la Universidad de Cornell. Puedes encontrar la lista de <a href=\"https:\/\/www.birds.cornell.edu\/home\/visit\/\">charlas y experiencias virtuales y sus descripciones haciendo clic aqu\u00ed<\/a> (en ingl\u00e9s).  Si deseas explorar las grabaciones de charlas y capacitaciones pasadas de la serie de charlas lunes por la noche, organizadas por el Centro de Visitantes y el equipo de Bird Academy, <a href=\"https:\/\/academy.allaboutbirds.org\/live-events\/?__hstc=161696355.85324ec8d3642e09515d7bb9c602825b.1647603229490.1659013996922.1659028500272.119&amp;__hssc=161696355.3.1659028500272&amp;__hsfp=2673859125&amp;_gl=1*1vq1uac*_ga*MTk1NDQ3MzY3Ny4xNjQ3NjAzMjI4*_ga_QR4NVXZ8BM*MTY1OTAyODQ5OS4xNjIuMS4xNjU5MDI5NDA1LjYw#_ga=2.206256339.1913880144.1658747219-1954473677.1647603228&amp;_gac=1.226407784.1655475488.Cj0KCQjwzLCVBhD3ARIsAPKYTcQp7XAKSMnLVS36eYWhGXD6XlCOSW1s1Cyjhfe1Dh-C_vBtszJMnhIaAgVrEALw_wcB\">haz clic aqu\u00ed para explorarlas<\/a> (en ingl\u00e9s).<\/p>\n\n\n\n<p>\u2013 Charlas y capacitaciones en l\u00ednea para educadores formales e informales del programa K-12 Educaci\u00f3n. Explora nuestra serie de <a href=\"https:\/\/www.birds.cornell.edu\/k12\/webinars-2\/\">capacitaciones futuras y colecci\u00f3n de grabaciones de estas actividades virtuales aqu\u00ed<\/a> (en ingl\u00e9s). <\/p>\n\n\n\n<h2 class=\"wp-block-heading\">Charlas pasadas en espa\u00f1ol<\/h2>\n\n\n\n<p>Mini-becas para Latinoam\u00e9rica y El Caribe 2023: \u00bfQu\u00e9 son y c\u00f3mo postular? <\/p>\n","protected":false},"excerpt":{"rendered":"<p>Ofrecemos charlas y capacitaciones en l\u00ednea gratis para apoyar iniciativas y proyectos. Puedes participar solo, con tus compa\u00f1eros de organizaci\u00f3n o grupo, con tu familia o amistades. \u00a1Todos son bienvenidos! En las charlas y capacitaciones podr\u00e1s enterarte acerca de recursos para tu comunidad, oportunidades, eventos y\/o materiales educacionales que pueden apoyarte en tu labor e<a class=\"excerpt-read-more\" href=\"https:\/\/www.birds.cornell.edu\/latam\/oportunidades\/webinars\/\" title=\"ReadCharlas en l\u00ednea (webinars)\">&#8230; Read more &raquo;<\/a><\/p>\n","protected":false},"author":2,"featured_media":1528,"parent":104,"menu_order":0,"comment_status":"closed","ping_status":"closed","template":"","meta":{"_birdpress_hero_toggle":false,"_birdpress_hero_type":"image","_birdpress_hero_image_type":"image","_birdpress_hero_style":"default","_birdpress_hero_ratio":"","_birdpress_hero_h1":"","_birdpress_hero_media_id":0,"_birdpress_hero_media_array_id":[],"_birdpress_hero_media_array":[],"_birdpress_hero_media":0,"_birdpress_hero_video_id":0,"_birdpress_hero_video":0,"_birdpress_hero_youtube":"","_birdpress_hero_content":true,"_birdpress_hero_byline":"","_birdpress_hero_byline_bottom":"","_birdpress_hero_button_link":"","_birdpress_hero_button_text":"","_birdpress_hero_button_color":"","_birdpress_hero_date":false,"original_guid":"","_birdpress_hide_search":false,"_birdpress_page_width":"","_birdpress_global_cta":false,"_birdpress_widget_sidebar":"","_birdpress_next_article":0,"_birdpress_next_article_title":"","_birdpress_prev_article":0,"_birdpress_prev_article_title":"","_birdpress_sub_navigation_id":82,"_birdpress_sub_navigation":"Sub Menu - Oportunidades","_birdpress_sub_navigation_title":false,"_birdpress_anchor_navigation_id":0,"_birdpress_anchor_navigation":"","_birdpress_postType":"both","_birdpress_categoryID":0,"_birdpress_tagID":0,"_birdpress_parentPostID":0,"_birdpress_parentPostTitle":"","_birdpress_menuID":0,"_birdpress_menuName":"","_birdpress_listHeader":"","_birdpress_listLayout":"card-display","_birdpress_listColumns":"","_birdpress_maxItems":12,"_birdpress_listPaginate":true,"_birdpress_displaySort":true,"_birdpress_sortOrder":"DESC","_birdpress_sortBy":"date","_birdpress_listID":"","_birdpress_listClass":"","_birdpress_displayImages":true,"_birdpress_displayCaptions":false,"_birdpress_displayExcerpts":false,"_birdpress_attTop":"","_birdpress_attBottom":"","_birdpress_showLogos":false,"_birdpress_post_logo":0,"footnotes":""},"class_list":["post-381","page","type-page","status-publish","has-post-thumbnail","hentry"],"lang":"es","translations":{"es":381,"en":403},"pll_sync_post":[],"_links":{"self":[{"href":"https:\/\/www.birds.cornell.edu\/latam\/wp-json\/wp\/v2\/pages\/381","targetHints":{"allow":["GET"]}}],"collection":[{"href":"https:\/\/www.birds.cornell.edu\/latam\/wp-json\/wp\/v2\/pages"}],"about":[{"href":"https:\/\/www.birds.cornell.edu\/latam\/wp-json\/wp\/v2\/types\/page"}],"author":[{"embeddable":true,"href":"https:\/\/www.birds.cornell.edu\/latam\/wp-json\/wp\/v2\/users\/2"}],"replies":[{"embeddable":true,"href":"https:\/\/www.birds.cornell.edu\/latam\/wp-json\/wp\/v2\/comments?post=381"}],"version-history":[{"count":0,"href":"https:\/\/www.birds.cornell.edu\/latam\/wp-json\/wp\/v2\/pages\/381\/revisions"}],"up":[{"embeddable":true,"href":"https:\/\/www.birds.cornell.edu\/latam\/wp-json\/wp\/v2\/pages\/104"}],"wp:featuredmedia":[{"embeddable":true,"href":"https:\/\/www.birds.cornell.edu\/latam\/wp-json\/wp\/v2\/media\/1528"}],"wp:attachment":[{"href":"https:\/\/www.birds.cornell.edu\/latam\/wp-json\/wp\/v2\/media?parent=381"}],"curies":[{"name":"wp","href":"https:\/\/api.w.org\/{rel}","templated":true}]}}