{"id":5218,"date":"2022-03-08T13:12:01","date_gmt":"2022-03-08T18:12:01","guid":{"rendered":"https:\/\/www.birds.cornell.edu\/latam\/?page_id=5218"},"modified":"2022-05-02T23:41:06","modified_gmt":"2022-05-03T04:41:06","slug":"nest-quest-go","status":"publish","type":"page","link":"https:\/\/www.birds.cornell.edu\/latam\/nest-quest-go\/","title":{"rendered":"Nest Quest Go"},"content":{"rendered":"\n<p>Nest Quest Go es un proyecto de ciencia participativa para ayudar a transcribir las miles de tarjetas de registros de nidos guardadas en el Laboratorio de Ornitolog\u00eda de la Universidad de Cornell. Estas tarjetas contienen informaci\u00f3n valiosa acerca de la anidaci\u00f3n de las aves. La informaci\u00f3n que contienen, fue registrada por cient\u00edficos participativos como t\u00fa, durante m\u00e1s de 30 a\u00f1os. Ahora te toca a ti. Al ayudar a transcribir las m\u00e1s de 300 mil tarjetas y convertirlas en un registro digital contribuyes a duplicar todos los datos disponibles en nuestro proyecto de ciencia participativa NestWatch. Creando as\u00ed, una base de datos completa que nos ayudar\u00e1 a entender mejor c\u00f3mo viven y se reproducen las aves. \u00bfListo para comenzar? <\/p>\n\n\n\n<p><a href=\"https:\/\/www.zooniverse.org\/organizations\/brbcornell\/nest-quest-go\">Vis\u00edtanos en Zooniverse y participa (en ingl\u00e9s)<\/a><\/p>\n","protected":false},"excerpt":{"rendered":"<p>Nest Quest Go es un proyecto de ciencia participativa para ayudar a transcribir las miles de tarjetas de registros de nidos guardadas en el Laboratorio de Ornitolog\u00eda de la Universidad de Cornell. Estas tarjetas contienen informaci\u00f3n valiosa acerca de la anidaci\u00f3n de las aves. La informaci\u00f3n que contienen, fue registrada por cient\u00edficos participativos como t\u00fa,<a class=\"excerpt-read-more\" href=\"https:\/\/www.birds.cornell.edu\/latam\/nest-quest-go\/\" title=\"ReadNest Quest Go\">&#8230; Read more &raquo;<\/a><\/p>\n","protected":false},"author":3,"featured_media":0,"parent":0,"menu_order":0,"comment_status":"closed","ping_status":"closed","template":"","meta":{"_birdpress_hero_toggle":true,"_birdpress_hero_type":"image","_birdpress_hero_image_type":"image","_birdpress_hero_style":"default","_birdpress_hero_ratio":"","_birdpress_hero_h1":"","_birdpress_hero_media_id":5285,"_birdpress_hero_media_array_id":[],"_birdpress_hero_media_array":[],"_birdpress_hero_media":0,"_birdpress_hero_video_id":0,"_birdpress_hero_video":0,"_birdpress_hero_youtube":"","_birdpress_hero_content":true,"_birdpress_hero_byline":"","_birdpress_hero_byline_bottom":"","_birdpress_hero_button_link":"","_birdpress_hero_button_text":"","_birdpress_hero_button_color":"","_birdpress_hero_date":false,"original_guid":"","_birdpress_hide_search":false,"_birdpress_page_width":"","_birdpress_global_cta":false,"_birdpress_widget_sidebar":"","_birdpress_next_article":0,"_birdpress_next_article_title":"","_birdpress_prev_article":0,"_birdpress_prev_article_title":"","_birdpress_sub_navigation_id":0,"_birdpress_sub_navigation":"","_birdpress_sub_navigation_title":false,"_birdpress_anchor_navigation_id":0,"_birdpress_anchor_navigation":"","_birdpress_postType":"both","_birdpress_categoryID":0,"_birdpress_tagID":0,"_birdpress_parentPostID":0,"_birdpress_parentPostTitle":"","_birdpress_menuID":0,"_birdpress_menuName":"","_birdpress_listHeader":"","_birdpress_listLayout":"card-display","_birdpress_listColumns":"","_birdpress_maxItems":12,"_birdpress_listPaginate":true,"_birdpress_displaySort":true,"_birdpress_sortOrder":"DESC","_birdpress_sortBy":"date","_birdpress_listID":"","_birdpress_listClass":"","_birdpress_displayImages":true,"_birdpress_displayCaptions":false,"_birdpress_displayExcerpts":false,"_birdpress_attTop":"","_birdpress_attBottom":"","_birdpress_showLogos":false,"_birdpress_post_logo":0,"footnotes":""},"class_list":["post-5218","page","type-page","status-publish","hentry"],"lang":"es","translations":{"es":5218},"pll_sync_post":[],"_links":{"self":[{"href":"https:\/\/www.birds.cornell.edu\/latam\/wp-json\/wp\/v2\/pages\/5218","targetHints":{"allow":["GET"]}}],"collection":[{"href":"https:\/\/www.birds.cornell.edu\/latam\/wp-json\/wp\/v2\/pages"}],"about":[{"href":"https:\/\/www.birds.cornell.edu\/latam\/wp-json\/wp\/v2\/types\/page"}],"author":[{"embeddable":true,"href":"https:\/\/www.birds.cornell.edu\/latam\/wp-json\/wp\/v2\/users\/3"}],"replies":[{"embeddable":true,"href":"https:\/\/www.birds.cornell.edu\/latam\/wp-json\/wp\/v2\/comments?post=5218"}],"version-history":[{"count":0,"href":"https:\/\/www.birds.cornell.edu\/latam\/wp-json\/wp\/v2\/pages\/5218\/revisions"}],"wp:attachment":[{"href":"https:\/\/www.birds.cornell.edu\/latam\/wp-json\/wp\/v2\/media?parent=5218"}],"curies":[{"name":"wp","href":"https:\/\/api.w.org\/{rel}","templated":true}]}}