{"id":6229,"date":"2022-04-18T22:40:18","date_gmt":"2022-04-19T03:40:18","guid":{"rendered":"https:\/\/www.birds.cornell.edu\/latam\/?page_id=6229"},"modified":"2022-06-17T09:37:20","modified_gmt":"2022-06-17T14:37:20","slug":"centro-para-visitantes","status":"publish","type":"page","link":"https:\/\/www.birds.cornell.edu\/latam\/centro-para-visitantes\/","title":{"rendered":"Centro para visitantes"},"content":{"rendered":"\n<div class=\"wp-block-columns is-layout-flex wp-container-core-columns-is-layout-9d6595d7 wp-block-columns-is-layout-flex\">\n<div class=\"wp-block-column is-layout-flow wp-block-column-is-layout-flow\" style=\"flex-basis:66.66%\">\n<p>Ubicado en un santuario de naturaleza de 93 hect\u00e1reas (230 acres) y con m\u00e1s de 8 kil\u00f3metros (4 millas) de senderos para explorar, nuestro centro para visitas tiene de todo. Puedes explorar exhibiciones cient\u00edficas y maravillarte con obras de arte de m\u00faltiples artistas, participar en caminatas guiadas por nuestros senderos o descansar en un sitio perfecto para observar aves y relajarte. Explora el calendario para enterarte de los horarios de estas actividades y mucho m\u00e1s.<\/p>\n<\/div>\n\n\n\n<div class=\"wp-block-column is-layout-flow wp-block-column-is-layout-flow\" style=\"flex-basis:33.33%\">\n<figure class=\"wp-block-image size-full\"><img decoding=\"async\" width=\"874\" height=\"572\" data-src=\"https:\/\/www.birds.cornell.edu\/latam\/wp-content\/uploads\/2022\/06\/thumbnail_Screen-Shot-2022-06-17-at-10.19.18-AM.jpg\" alt=\"\" class=\"wp-image-6965 lazyload\" data-srcset=\"https:\/\/www.birds.cornell.edu\/latam\/wp-content\/uploads\/2022\/06\/thumbnail_Screen-Shot-2022-06-17-at-10.19.18-AM.jpg 874w, https:\/\/www.birds.cornell.edu\/latam\/wp-content\/uploads\/2022\/06\/thumbnail_Screen-Shot-2022-06-17-at-10.19.18-AM-720x471.jpg 720w, https:\/\/www.birds.cornell.edu\/latam\/wp-content\/uploads\/2022\/06\/thumbnail_Screen-Shot-2022-06-17-at-10.19.18-AM-768x503.jpg 768w, https:\/\/www.birds.cornell.edu\/latam\/wp-content\/uploads\/2022\/06\/thumbnail_Screen-Shot-2022-06-17-at-10.19.18-AM-480x314.jpg 480w\" data-sizes=\"(max-width: 874px) 100vw, 874px\" src=\"data:image\/svg+xml;base64,PHN2ZyB3aWR0aD0iMSIgaGVpZ2h0PSIxIiB4bWxucz0iaHR0cDovL3d3dy53My5vcmcvMjAwMC9zdmciPjwvc3ZnPg==\" style=\"--smush-placeholder-width: 874px; --smush-placeholder-aspect-ratio: 874\/572;\" \/><\/figure>\n<\/div>\n<\/div>\n\n\n\n<p>Ademas, ofrecemos un mont\u00f3n de actividades y eventos virtuales, tales como visitas virtuales, charlas y m\u00e1s. <\/p>\n\n\n\n<p><a href=\"https:\/\/www.birds.cornell.edu\/home\/virtual-experiences\/\">Para aprender m\u00e1s acerca del centro para visitas  y explorar estos recursos virtuales, haz clic aqu\u00ed (en ingl\u00e9s)<\/a><\/p>\n\n\n\n<p><a href=\"https:\/\/academy.allaboutbirds.org\/live-events\/?__hstc=161696355.81c075575438bacf237cd404578da321.1644096427282.1648479741166.1648578983166.24&amp;__hssc=161696355.4.1648578983166&amp;__hsfp=3417923841&amp;_gl=1*x73l7z*_ga*MTYwNTcxODkzOC4xNjQ3NTc1NTky*_ga_QR4NVXZ8BM*MTY0ODU3ODk4Mi45LjEuMTY0ODU3OTQ3OC41OQ..#_ga=2.9457717.1635159621.1648336963-1605718938.1647575592\" data-type=\"URL\" data-id=\"https:\/\/academy.allaboutbirds.org\/live-events\/?__hstc=161696355.81c075575438bacf237cd404578da321.1644096427282.1648479741166.1648578983166.24&amp;__hssc=161696355.4.1648578983166&amp;__hsfp=3417923841&amp;_gl=1*x73l7z*_ga*MTYwNTcxODkzOC4xNjQ3NTc1NTky*_ga_QR4NVXZ8BM*MTY0ODU3ODk4Mi45LjEuMTY0ODU3OTQ3OC41OQ..#_ga=2.9457717.1635159621.1648336963-1605718938.1647575592\">Echa un vistazo a nuestras grabaciones de charlas (en ingl\u00e9s) de nuestra serie de los lunes por la noche<\/a><\/p>\n\n\n\n<p><a href=\"https:\/\/www.birds.cornell.edu\/home\/visit\/\">Si quieres explorar la p\u00e1gina del centro para visitantes haz clique aqu\u00ed (en ingl\u00e9s).<\/a><\/p>\n","protected":false},"excerpt":{"rendered":"<p>Ubicado en un santuario de naturaleza de 93 hect\u00e1reas (230 acres) y con m\u00e1s de 8 kil\u00f3metros (4 millas) de senderos para explorar, nuestro centro para visitas tiene de todo. Puedes explorar exhibiciones cient\u00edficas y maravillarte con obras de arte de m\u00faltiples artistas, participar en caminatas guiadas por nuestros senderos o descansar en un sitio<a class=\"excerpt-read-more\" href=\"https:\/\/www.birds.cornell.edu\/latam\/centro-para-visitantes\/\" title=\"ReadCentro para visitantes\">&#8230; Read more &raquo;<\/a><\/p>\n","protected":false},"author":4,"featured_media":0,"parent":0,"menu_order":0,"comment_status":"closed","ping_status":"closed","template":"","meta":{"_birdpress_hero_toggle":false,"_birdpress_hero_type":"image","_birdpress_hero_image_type":"image","_birdpress_hero_style":"default","_birdpress_hero_ratio":"","_birdpress_hero_h1":"","_birdpress_hero_media_id":0,"_birdpress_hero_media_array_id":[],"_birdpress_hero_media_array":[],"_birdpress_hero_media":0,"_birdpress_hero_video_id":0,"_birdpress_hero_video":0,"_birdpress_hero_youtube":"","_birdpress_hero_content":true,"_birdpress_hero_byline":"","_birdpress_hero_byline_bottom":"","_birdpress_hero_button_link":"","_birdpress_hero_button_text":"","_birdpress_hero_button_color":"","_birdpress_hero_date":false,"original_guid":"","_birdpress_hide_search":false,"_birdpress_page_width":"","_birdpress_global_cta":false,"_birdpress_widget_sidebar":"","_birdpress_next_article":0,"_birdpress_next_article_title":"","_birdpress_prev_article":0,"_birdpress_prev_article_title":"","_birdpress_sub_navigation_id":0,"_birdpress_sub_navigation":"","_birdpress_sub_navigation_title":false,"_birdpress_anchor_navigation_id":0,"_birdpress_anchor_navigation":"","_birdpress_postType":"both","_birdpress_categoryID":0,"_birdpress_tagID":0,"_birdpress_parentPostID":0,"_birdpress_parentPostTitle":"","_birdpress_menuID":0,"_birdpress_menuName":"","_birdpress_listHeader":"","_birdpress_listLayout":"card-display","_birdpress_listColumns":"","_birdpress_maxItems":12,"_birdpress_listPaginate":true,"_birdpress_displaySort":true,"_birdpress_sortOrder":"DESC","_birdpress_sortBy":"date","_birdpress_listID":"","_birdpress_listClass":"","_birdpress_displayImages":true,"_birdpress_displayCaptions":false,"_birdpress_displayExcerpts":false,"_birdpress_attTop":"","_birdpress_attBottom":"","_birdpress_showLogos":false,"_birdpress_post_logo":0,"footnotes":""},"class_list":["post-6229","page","type-page","status-publish","hentry"],"lang":"es","translations":{"es":6229},"pll_sync_post":[],"_links":{"self":[{"href":"https:\/\/www.birds.cornell.edu\/latam\/wp-json\/wp\/v2\/pages\/6229","targetHints":{"allow":["GET"]}}],"collection":[{"href":"https:\/\/www.birds.cornell.edu\/latam\/wp-json\/wp\/v2\/pages"}],"about":[{"href":"https:\/\/www.birds.cornell.edu\/latam\/wp-json\/wp\/v2\/types\/page"}],"author":[{"embeddable":true,"href":"https:\/\/www.birds.cornell.edu\/latam\/wp-json\/wp\/v2\/users\/4"}],"replies":[{"embeddable":true,"href":"https:\/\/www.birds.cornell.edu\/latam\/wp-json\/wp\/v2\/comments?post=6229"}],"version-history":[{"count":0,"href":"https:\/\/www.birds.cornell.edu\/latam\/wp-json\/wp\/v2\/pages\/6229\/revisions"}],"wp:attachment":[{"href":"https:\/\/www.birds.cornell.edu\/latam\/wp-json\/wp\/v2\/media?parent=6229"}],"curies":[{"name":"wp","href":"https:\/\/api.w.org\/{rel}","templated":true}]}}