{"id":6399,"date":"2022-04-27T09:07:55","date_gmt":"2022-04-27T14:07:55","guid":{"rendered":"https:\/\/www.birds.cornell.edu\/latam\/?page_id=6399"},"modified":"2022-11-10T08:49:47","modified_gmt":"2022-11-10T13:49:47","slug":"boletin-de-noticias","status":"publish","type":"page","link":"https:\/\/www.birds.cornell.edu\/latam\/boletin-de-noticias\/","title":{"rendered":"Bolet\u00edn de Noticias para Latinoam\u00e9rica y El Caribe"},"content":{"rendered":"\n<div class=\"wp-block-columns is-layout-flex wp-container-core-columns-is-layout-9d6595d7 wp-block-columns-is-layout-flex\">\n<div class=\"wp-block-column is-layout-flow wp-block-column-is-layout-flow\" style=\"flex-basis:66.66%\">\n<p>Suscr\u00edbete a nuestro bolet\u00edn de noticias en espa\u00f1ol para Latinoam\u00e9rica y El Caribe. Adem\u00e1s, explora otros de nuestros boletines de noticias (en ingl\u00e9s aqu\u00ed en <a href=\"https:\/\/www.birds.cornell.edu\/home\/enews-signup\/\">Cornell Lab eNews<\/a>) que tambi\u00e9n pueden ser de tu inter\u00e9s.<\/p>\n\n\n<script>(function() {\n\twindow.mc4wp = window.mc4wp || {\n\t\tlisteners: [],\n\t\tforms: {\n\t\t\ton: function(evt, cb) {\n\t\t\t\twindow.mc4wp.listeners.push(\n\t\t\t\t\t{\n\t\t\t\t\t\tevent   : evt,\n\t\t\t\t\t\tcallback: cb\n\t\t\t\t\t}\n\t\t\t\t);\n\t\t\t}\n\t\t}\n\t}\n})();\n<\/script><!-- Mailchimp for WordPress v4.12.2 - https:\/\/wordpress.org\/plugins\/mailchimp-for-wp\/ --><form id=\"mc4wp-form-1\" class=\"mc4wp-form mc4wp-form-6417 mc4wp-ajax\" method=\"post\" data-id=\"6417\" data-name=\"Spanish eNews Signup\" ><div class=\"mc4wp-form-fields\">    <label>Nombre<span class=\"required\">*<\/span><\/label>\r\n    <input type=\"text\" name=\"FNAME\" required=\"\">\r\n\r\n\r\n    <label>Apellido(s)<span class=\"required\">*<\/span><\/label>\r\n    <input type=\"text\" name=\"LNAME\" required=\"\">\r\n\r\n    <label>Organizaci\u00f3n, instituci\u00f3n o grupo<\/label>\r\n    <input type=\"text\" name=\"MMERGE3\">\r\n\r\n    <label>Ciudad o pueblo<span class=\"required\">*<\/span><\/label>\r\n    <input type=\"text\" name=\"MMERGE4\">\r\n\r\n    <label>Pa\u00eds<span class=\"required\">*<\/span><\/label>\r\n    <input type=\"text\" name=\"MMERGE5\">\r\n\r\n\r\n    <label>Correo electr\u00f3nico<span class=\"required\">*<\/span><\/label>\r\n    <input type=\"email\" name=\"EMAIL\" placeholder=\"Correo electr\u00f3nico\" \/>\r\n\r\n<p>\r\n    <input type=\"submit\" value=\"Suscr\u00edbete\" \/>\r\n<\/p>\r\n<\/div><label style=\"display: none !important;\">Leave this field empty if you're human: <input type=\"text\" name=\"_mc4wp_honeypot\" value=\"\" tabindex=\"-1\" autocomplete=\"off\" \/><\/label><input type=\"hidden\" name=\"_mc4wp_timestamp\" value=\"1777538493\" \/><input type=\"hidden\" name=\"_mc4wp_form_id\" value=\"6417\" \/><input type=\"hidden\" name=\"_mc4wp_form_element_id\" value=\"mc4wp-form-1\" \/><div class=\"mc4wp-response\"><\/div><\/form><!-- \/ Mailchimp for WordPress Plugin -->\n<\/div>\n\n\n\n<div class=\"wp-block-column is-layout-flow wp-block-column-is-layout-flow\" style=\"flex-basis:33.33%\">\n<figure class=\"wp-block-image size-large\"><img decoding=\"async\" width=\"1280\" height=\"853\" data-src=\"https:\/\/www.birds.cornell.edu\/latam\/wp-content\/uploads\/2022\/04\/Araripe_Manakin-IanThompson-1280x853.jpeg\" alt=\"\" class=\"wp-image-6438 lazyload\" data-srcset=\"https:\/\/www.birds.cornell.edu\/latam\/wp-content\/uploads\/2022\/04\/Araripe_Manakin-IanThompson-1280x853.jpeg 1280w, https:\/\/www.birds.cornell.edu\/latam\/wp-content\/uploads\/2022\/04\/Araripe_Manakin-IanThompson-720x480.jpeg 720w, https:\/\/www.birds.cornell.edu\/latam\/wp-content\/uploads\/2022\/04\/Araripe_Manakin-IanThompson-768x512.jpeg 768w, https:\/\/www.birds.cornell.edu\/latam\/wp-content\/uploads\/2022\/04\/Araripe_Manakin-IanThompson-1536x1024.jpeg 1536w, https:\/\/www.birds.cornell.edu\/latam\/wp-content\/uploads\/2022\/04\/Araripe_Manakin-IanThompson-2048x1365.jpeg 2048w, https:\/\/www.birds.cornell.edu\/latam\/wp-content\/uploads\/2022\/04\/Araripe_Manakin-IanThompson-480x320.jpeg 480w\" data-sizes=\"(max-width: 1280px) 100vw, 1280px\" src=\"data:image\/svg+xml;base64,PHN2ZyB3aWR0aD0iMSIgaGVpZ2h0PSIxIiB4bWxucz0iaHR0cDovL3d3dy53My5vcmcvMjAwMC9zdmciPjwvc3ZnPg==\" style=\"--smush-placeholder-width: 1280px; --smush-placeholder-aspect-ratio: 1280\/853;\" \/><figcaption><a href=\"https:\/\/macaulaylibrary.org\/asset\/34147581#_ga=2.58481065.2053237701.1651251162-1225470705.1650306532\">Araripe Manakin by Ian Thompson<\/a><\/figcaption><\/figure>\n<\/div>\n<\/div>\n","protected":false},"excerpt":{"rendered":"<p>Suscr\u00edbete a nuestro bolet\u00edn de noticias en espa\u00f1ol para Latinoam\u00e9rica y El Caribe. Adem\u00e1s, explora otros de nuestros boletines de noticias (en ingl\u00e9s aqu\u00ed en Cornell Lab eNews) que tambi\u00e9n pueden ser de tu inter\u00e9s.<\/p>\n","protected":false},"author":1,"featured_media":0,"parent":0,"menu_order":0,"comment_status":"closed","ping_status":"closed","template":"","meta":{"_birdpress_hero_toggle":false,"_birdpress_hero_type":"image","_birdpress_hero_image_type":"image","_birdpress_hero_style":"default","_birdpress_hero_ratio":"","_birdpress_hero_h1":"","_birdpress_hero_media_id":0,"_birdpress_hero_media_array_id":[],"_birdpress_hero_media_array":[],"_birdpress_hero_media":0,"_birdpress_hero_video_id":0,"_birdpress_hero_video":0,"_birdpress_hero_youtube":"","_birdpress_hero_content":true,"_birdpress_hero_byline":"","_birdpress_hero_byline_bottom":"","_birdpress_hero_button_link":"","_birdpress_hero_button_text":"","_birdpress_hero_button_color":"","_birdpress_hero_date":false,"original_guid":"","_birdpress_hide_search":false,"_birdpress_page_width":"","_birdpress_global_cta":false,"_birdpress_widget_sidebar":"","_birdpress_next_article":0,"_birdpress_next_article_title":"","_birdpress_prev_article":0,"_birdpress_prev_article_title":"","_birdpress_sub_navigation_id":0,"_birdpress_sub_navigation":"","_birdpress_sub_navigation_title":false,"_birdpress_anchor_navigation_id":0,"_birdpress_anchor_navigation":"","_birdpress_postType":"both","_birdpress_categoryID":0,"_birdpress_tagID":0,"_birdpress_parentPostID":0,"_birdpress_parentPostTitle":"","_birdpress_menuID":0,"_birdpress_menuName":"","_birdpress_listHeader":"","_birdpress_listLayout":"card-display","_birdpress_listColumns":"","_birdpress_maxItems":12,"_birdpress_listPaginate":true,"_birdpress_displaySort":true,"_birdpress_sortOrder":"DESC","_birdpress_sortBy":"date","_birdpress_listID":"","_birdpress_listClass":"","_birdpress_displayImages":true,"_birdpress_displayCaptions":false,"_birdpress_displayExcerpts":false,"_birdpress_attTop":"","_birdpress_attBottom":"","_birdpress_showLogos":false,"_birdpress_post_logo":0,"footnotes":""},"class_list":["post-6399","page","type-page","status-publish","hentry"],"lang":"es","translations":{"es":6399,"en":6419},"pll_sync_post":[],"_links":{"self":[{"href":"https:\/\/www.birds.cornell.edu\/latam\/wp-json\/wp\/v2\/pages\/6399","targetHints":{"allow":["GET"]}}],"collection":[{"href":"https:\/\/www.birds.cornell.edu\/latam\/wp-json\/wp\/v2\/pages"}],"about":[{"href":"https:\/\/www.birds.cornell.edu\/latam\/wp-json\/wp\/v2\/types\/page"}],"author":[{"embeddable":true,"href":"https:\/\/www.birds.cornell.edu\/latam\/wp-json\/wp\/v2\/users\/1"}],"replies":[{"embeddable":true,"href":"https:\/\/www.birds.cornell.edu\/latam\/wp-json\/wp\/v2\/comments?post=6399"}],"version-history":[{"count":0,"href":"https:\/\/www.birds.cornell.edu\/latam\/wp-json\/wp\/v2\/pages\/6399\/revisions"}],"wp:attachment":[{"href":"https:\/\/www.birds.cornell.edu\/latam\/wp-json\/wp\/v2\/media?parent=6399"}],"curies":[{"name":"wp","href":"https:\/\/api.w.org\/{rel}","templated":true}]}}